{"id":28,"date":"2026-03-03T10:09:06","date_gmt":"2026-03-03T10:09:06","guid":{"rendered":"https:\/\/fateccampinas.com.br\/portal\/?page_id=28"},"modified":"2026-03-24T16:16:52","modified_gmt":"2026-03-24T16:16:52","slug":"vida-academica","status":"publish","type":"page","link":"https:\/\/fateccampinas.com.br\/portal\/vida-academica\/","title":{"rendered":"Vida Acad\u00eamica"},"content":{"rendered":"\t\t<div data-elementor-type=\"wp-page\" data-elementor-id=\"28\" class=\"elementor elementor-28\">\n\t\t\t\t<div class=\"elementor-element elementor-element-7bbe002 e-flex e-con-boxed wpr-particle-no wpr-jarallax-no wpr-parallax-no wpr-sticky-section-no wpr-equal-height-no e-con e-parent\" data-id=\"7bbe002\" data-element_type=\"container\" data-e-type=\"container\">\n\t\t\t\t\t<div class=\"e-con-inner\">\n\t\t\t\t<div class=\"elementor-element elementor-element-be49124 elementor-widget elementor-widget-html\" data-id=\"be49124\" data-element_type=\"widget\" data-e-type=\"widget\" data-widget_type=\"html.default\">\n\t\t\t\t\t<section id=\"vida-academica-intro\" style=\"width:100%; padding:48px 24px; background:linear-gradient(180deg,#08111f 0%,#0b1830 100%); color:#eef6ff; border-radius:24px; border:1px solid rgba(0,229,255,.14); box-shadow:0 18px 40px rgba(0,0,0,.28);\">\r\n\r\n  <div style=\"max-width:1200px; margin:0 auto;\">\r\n    \r\n    <div style=\"display:inline-flex; align-items:center; gap:10px; padding:8px 16px; border-radius:999px; background:rgba(0,229,255,.08); border:1px solid rgba(0,229,255,.22); color:#7cf7ff; font-weight:700; font-size:14px; margin-bottom:18px;\">\r\n      <span style=\"width:10px; height:10px; border-radius:50%; background:#00e5ff; display:inline-block;\"><\/span>\r\n      Vida Acad\u00eamica \u2022 Documentos e orienta\u00e7\u00f5es ao estudante\r\n    <\/div>\r\n\r\n    <h2 style=\"margin:0 0 16px; font-size:clamp(28px,4vw,44px); line-height:1.1; font-weight:900; color:#ffffff;\">\r\n      Vida <span style=\"color:#00e5ff;\">Acad\u00eamica<\/span>\r\n    <\/h2>\r\n\r\n    <p style=\"margin:0 0 18px; font-size:17px; line-height:1.9; color:rgba(238,246,255,.86); max-width:980px;\">\r\n      A se\u00e7\u00e3o <strong>Vida Acad\u00eamica<\/strong> re\u00fane os principais acessos a documentos, orienta\u00e7\u00f5es, normas e procedimentos relacionados \u00e0 trajet\u00f3ria do estudante na Fatec Campinas. Neste espa\u00e7o, o aluno pode consultar informa\u00e7\u00f5es importantes para acompanhar sua vida escolar, como regulamentos, atividades acad\u00eamicas, est\u00e1gios, trabalho de gradua\u00e7\u00e3o, calend\u00e1rios, formul\u00e1rios e demais conte\u00fados de apoio ao seu percurso formativo.\r\n    <\/p>\r\n\r\n    <p style=\"margin:0 0 30px; font-size:16px; line-height:1.8; color:rgba(238,246,255,.78); max-width:980px;\">\r\n      Selecione abaixo a op\u00e7\u00e3o desejada para acessar diretamente a \u00e1rea correspondente.\r\n    <\/p>\r\n\r\n    <div style=\"display:grid; grid-template-columns:repeat(auto-fit,minmax(240px,1fr)); gap:16px;\">\r\n\r\n      <!-- SUBMENU 1 -->\r\n      <a href=\"https:\/\/bkpsitecpsnew.blob.core.windows.net\/uploadsitecps\/sites\/195\/2026\/01\/regime_disciplinar_fatecs-1.pdf\" style=\"display:flex; align-items:center; gap:14px; padding:18px 20px; border-radius:18px; background:rgba(255,255,255,.05); border:1px solid rgba(255,255,255,.10); color:#ffffff; text-decoration:none; box-shadow:0 10px 24px rgba(0,0,0,.18); transition:.25s;\">\r\n        <span style=\"min-width:46px; width:46px; height:46px; border-radius:14px; display:flex; align-items:center; justify-content:center; background:rgba(0,229,255,.10); border:1px solid rgba(0,229,255,.24); font-size:20px;\">\ud83d\udcd8<\/span>\r\n        <span style=\"font-weight:800; line-height:1.4;\">Regimento Disciplinar das Fatecs<\/span>\r\n      <\/a>\r\n\r\n      <!-- SUBMENU 2 -->\r\n      <a href=\"https:\/\/bkpsitecpsnew.blob.core.windows.net\/uploadsitecps\/sites\/195\/2026\/02\/Deliberacao_CEETEPS_110_2026_Diretrizes_para_os_Cursos_Superiores_de_Graduacao.pdf\" style=\"display:flex; align-items:center; gap:14px; padding:18px 20px; border-radius:18px; background:rgba(255,255,255,.05); border:1px solid rgba(255,255,255,.10); color:#ffffff; text-decoration:none; box-shadow:0 10px 24px rgba(0,0,0,.18); transition:.25s;\">\r\n        <span style=\"min-width:46px; width:46px; height:46px; border-radius:14px; display:flex; align-items:center; justify-content:center; background:rgba(0,229,255,.10); border:1px solid rgba(0,229,255,.24); font-size:20px;\">\ud83d\udcc4<\/span>\r\n        <span style=\"font-weight:800; line-height:1.4;\">Diretrizes Gerais <\/span>\r\n      <\/a>\r\n\r\n      <!-- SUBMENU 3 -->\r\n      <a href=\"https:\/\/bkpsitecpsnew.blob.core.windows.net\/uploadsitecps\/sites\/195\/2026\/01\/regimento_fatecs-1.pdf\" style=\"display:flex; align-items:center; gap:14px; padding:18px 20px; border-radius:18px; background:rgba(255,255,255,.05); border:1px solid rgba(255,255,255,.10); color:#ffffff; text-decoration:none; box-shadow:0 10px 24px rgba(0,0,0,.18); transition:.25s;\">\r\n        <span style=\"min-width:46px; width:46px; height:46px; border-radius:14px; display:flex; align-items:center; justify-content:center; background:rgba(0,229,255,.10); border:1px solid rgba(0,229,255,.24); font-size:20px;\">\ud83c\udf93<\/span>\r\n        <span style=\"font-weight:800; line-height:1.4;\"> Regimento das Faculdades de Tecnologia -\r\nFatecs<\/span>\r\n      <\/a>\r\n\r\n      <!-- SUBMENU 4 -->\r\n      <a href=\"https:\/\/bkpsitecpsnew.blob.core.windows.net\/uploadsitecps\/sites\/195\/2026\/01\/Deliberacao-106-2025-CD-Regulamento-2.pdf\" style=\"display:flex; align-items:center; gap:14px; padding:18px 20px; border-radius:18px; background:rgba(255,255,255,.05); border:1px solid rgba(255,255,255,.10); color:#ffffff; text-decoration:none; box-shadow:0 10px 24px rgba(0,0,0,.18); transition:.25s;\">\r\n        <span style=\"min-width:46px; width:46px; height:46px; border-radius:14px; display:flex; align-items:center; justify-content:center; background:rgba(0,229,255,.10); border:1px solid rgba(0,229,255,.24); font-size:20px;\">\ud83d\uddc2\ufe0f<\/span>\r\n        <span style=\"font-weight:800; line-height:1.4;\">Regulamento Geral dos Cursos Superiores de\r\nGradua\u00e7\u00e3o<\/span>\r\n      <\/a>\r\n\r\n      <!-- SUBMENU 5 -->\r\n      <a href=\"https:\/\/fateccampinas.com.br\/portal\/estagio-supervisionado\/\" style=\"display:flex; align-items:center; gap:14px; padding:18px 20px; border-radius:18px; background:rgba(255,255,255,.05); border:1px solid rgba(255,255,255,.10); color:#ffffff; text-decoration:none; box-shadow:0 10px 24px rgba(0,0,0,.18); transition:.25s;\">\r\n        <span style=\"min-width:46px; width:46px; height:46px; border-radius:14px; display:flex; align-items:center; justify-content:center; background:rgba(0,229,255,.10); border:1px solid rgba(0,229,255,.24); font-size:20px;\">\ud83d\udcc5<\/span>\r\n        <span style=\"font-weight:800; line-height:1.4;\">Est\u00e1gios<\/span>\r\n      <\/a>\r\n\r\n      <!-- SUBMENU 6 -->\r\n      <a href=\"https:\/\/fateccampinas.com.br\/portal\/trabalho-de-graduacao\/\" style=\"display:flex; align-items:center; gap:14px; padding:18px 20px; border-radius:18px; background:rgba(255,255,255,.05); border:1px solid rgba(255,255,255,.10); color:#ffffff; text-decoration:none; box-shadow:0 10px 24px rgba(0,0,0,.18); transition:.25s;\">\r\n        <span style=\"min-width:46px; width:46px; height:46px; border-radius:14px; display:flex; align-items:center; justify-content:center; background:rgba(0,229,255,.10); border:1px solid rgba(0,229,255,.24); font-size:20px;\">\ud83e\uddfe<\/span>\r\n        <span style=\"font-weight:800; line-height:1.4;\">Trabalho de Gradua\u00e7\u00e3o<\/span>\r\n      <\/a>\r\n\r\n            <!-- SUBMENU 6 -->\r\n      <a href=\"https:\/\/fateccampinas.com.br\/portal\/iniciacao-cientifica-e-tecnologica\/\" style=\"display:flex; align-items:center; gap:14px; padding:18px 20px; border-radius:18px; background:rgba(255,255,255,.05); border:1px solid rgba(255,255,255,.10); color:#ffffff; text-decoration:none; box-shadow:0 10px 24px rgba(0,0,0,.18); transition:.25s;\">\r\n        <span style=\"min-width:46px; width:46px; height:46px; border-radius:14px; display:flex; align-items:center; justify-content:center; background:rgba(0,229,255,.10); border:1px solid rgba(0,229,255,.24); font-size:20px;\">\ud83e\uddfe<\/span>\r\n        <span style=\"font-weight:800; line-height:1.4;\">Incia\u00e7\u00e3o Cientifica<\/span>\r\n      <\/a>\r\n\r\n\r\n\r\n            <!-- SUBMENU 6 -->\r\n      <a href=\"https:\/\/fateccampinas.com.br\/portal\/manual-do-bilhete-unico-universitario\/\" style=\"display:flex; align-items:center; gap:14px; padding:18px 20px; border-radius:18px; background:rgba(255,255,255,.05); border:1px solid rgba(255,255,255,.10); color:#ffffff; text-decoration:none; box-shadow:0 10px 24px rgba(0,0,0,.18); transition:.25s;\">\r\n        <span style=\"min-width:46px; width:46px; height:46px; border-radius:14px; display:flex; align-items:center; justify-content:center; background:rgba(0,229,255,.10); border:1px solid rgba(0,229,255,.24); font-size:20px;\">\ud83e\uddfe<\/span>\r\n        <span style=\"font-weight:800; line-height:1.4;\">Manual do Bilhete Universit\u00e1rio<\/span>\r\n      <\/a>\r\n\r\n\r\n    <\/div>\r\n  <\/div>\r\n<\/section>\t\t\t\t<\/div>\n\t\t\t\t\t<\/div>\n\t\t\t\t<\/div>\n\t\t\t\t<\/div>\n\t\t","protected":false},"excerpt":{"rendered":"<p>Vida Acad\u00eamica \u2022 Documentos e orienta\u00e7\u00f5es ao estudante Vida Acad\u00eamica A se\u00e7\u00e3o Vida Acad\u00eamica re\u00fane os principais acessos a documentos, orienta\u00e7\u00f5es, normas e procedimentos relacionados \u00e0 trajet\u00f3ria do estudante na Fatec Campinas. Neste espa\u00e7o, o aluno pode consultar informa\u00e7\u00f5es importantes para acompanhar sua vida escolar, como regulamentos, atividades acad\u00eamicas, est\u00e1gios, trabalho de gradua\u00e7\u00e3o, calend\u00e1rios, formul\u00e1rios e demais conte\u00fados de apoio ao seu percurso formativo. Selecione abaixo a op\u00e7\u00e3o desejada para acessar diretamente a \u00e1rea correspondente. \ud83d\udcd8 Regimento Disciplinar das Fatecs \ud83d\udcc4 Diretrizes Gerais \ud83c\udf93 Regimento das Faculdades de Tecnologia &#8211; Fatecs \ud83d\uddc2\ufe0f Regulamento Geral dos Cursos Superiores de Gradua\u00e7\u00e3o \ud83d\udcc5 Est\u00e1gios \ud83e\uddfe Trabalho de Gradua\u00e7\u00e3o \ud83e\uddfe Incia\u00e7\u00e3o Cientifica \ud83e\uddfe Manual do Bilhete Universit\u00e1rio<\/p>\n","protected":false},"author":1,"featured_media":0,"parent":0,"menu_order":0,"comment_status":"closed","ping_status":"closed","template":"","meta":{"ngg_post_thumbnail":0,"footnotes":""},"class_list":["post-28","page","type-page","status-publish","hentry"],"aioseo_notices":[],"publishpress_future_action":{"enabled":false,"date":"2026-04-27 02:30:43","action":"change-status","newStatus":"draft","terms":[],"taxonomy":"","extraData":[]},"publishpress_future_workflow_manual_trigger":{"enabledWorkflows":[]},"_links":{"self":[{"href":"https:\/\/fateccampinas.com.br\/portal\/wp-json\/wp\/v2\/pages\/28","targetHints":{"allow":["GET"]}}],"collection":[{"href":"https:\/\/fateccampinas.com.br\/portal\/wp-json\/wp\/v2\/pages"}],"about":[{"href":"https:\/\/fateccampinas.com.br\/portal\/wp-json\/wp\/v2\/types\/page"}],"author":[{"embeddable":true,"href":"https:\/\/fateccampinas.com.br\/portal\/wp-json\/wp\/v2\/users\/1"}],"replies":[{"embeddable":true,"href":"https:\/\/fateccampinas.com.br\/portal\/wp-json\/wp\/v2\/comments?post=28"}],"version-history":[{"count":4,"href":"https:\/\/fateccampinas.com.br\/portal\/wp-json\/wp\/v2\/pages\/28\/revisions"}],"predecessor-version":[{"id":2221,"href":"https:\/\/fateccampinas.com.br\/portal\/wp-json\/wp\/v2\/pages\/28\/revisions\/2221"}],"wp:attachment":[{"href":"https:\/\/fateccampinas.com.br\/portal\/wp-json\/wp\/v2\/media?parent=28"}],"curies":[{"name":"wp","href":"https:\/\/api.w.org\/{rel}","templated":true}]}}