{"id":20,"date":"2026-03-03T10:07:28","date_gmt":"2026-03-03T10:07:28","guid":{"rendered":"https:\/\/fateccampinas.com.br\/portal\/?page_id=20"},"modified":"2026-03-09T11:29:11","modified_gmt":"2026-03-09T11:29:11","slug":"institucional","status":"publish","type":"page","link":"https:\/\/fateccampinas.com.br\/portal\/institucional\/","title":{"rendered":"Institucional"},"content":{"rendered":"\t\t<div data-elementor-type=\"wp-page\" data-elementor-id=\"20\" class=\"elementor elementor-20\">\n\t\t\t\t<div class=\"elementor-element elementor-element-0d6b92d e-flex e-con-boxed wpr-particle-no wpr-jarallax-no wpr-parallax-no wpr-sticky-section-no wpr-equal-height-no e-con e-parent\" data-id=\"0d6b92d\" data-element_type=\"container\" data-e-type=\"container\">\n\t\t\t\t\t<div class=\"e-con-inner\">\n\t\t\t\t<div class=\"elementor-element elementor-element-0d4237e elementor-widget elementor-widget-text-editor\" data-id=\"0d4237e\" data-element_type=\"widget\" data-e-type=\"widget\" data-widget_type=\"text-editor.default\">\n\t\t\t\t\t\t\t\t\t<p data-start=\"171\" data-end=\"226\"><strong data-start=\"171\" data-end=\"226\">Fatec Campinas \u2013 Forma\u00e7\u00e3o tecnol\u00f3gica de excel\u00eancia<\/strong><\/p><p data-start=\"228\" data-end=\"607\">A <span class=\"hover:entity-accent entity-underline inline cursor-pointer align-baseline\"><span class=\"whitespace-normal\">Fatec Campinas<\/span><\/span> \u00e9 uma institui\u00e7\u00e3o p\u00fablica de ensino superior comprometida com a forma\u00e7\u00e3o de profissionais altamente qualificados para atender \u00e0s demandas de um mercado cada vez mais din\u00e2mico e tecnol\u00f3gico. Integrante do <span class=\"hover:entity-accent entity-underline inline cursor-pointer align-baseline\"><span class=\"whitespace-normal\">Centro Paula Souza<\/span><\/span>, a faculdade se destaca pela qualidade acad\u00eamica, inova\u00e7\u00e3o e forte conex\u00e3o com o setor produtivo.<\/p><p data-start=\"609\" data-end=\"969\">Com cursos superiores de tecnologia voltados \u00e0s \u00e1reas estrat\u00e9gicas da economia, a Fatec Campinas oferece uma forma\u00e7\u00e3o s\u00f3lida, que alia teoria e pr\u00e1tica, preparando os estudantes para enfrentar desafios reais do mundo profissional. Seu corpo docente \u00e9 composto majoritariamente por mestres e doutores, profissionais com ampla experi\u00eancia acad\u00eamica e de mercado.<\/p><p data-start=\"971\" data-end=\"1308\">A institui\u00e7\u00e3o conta com infraestrutura moderna, incluindo laborat\u00f3rios especializados, ambientes de aprendizagem tecnol\u00f3gica e espa\u00e7os que estimulam a pesquisa, a inova\u00e7\u00e3o e o empreendedorismo. Al\u00e9m disso, os estudantes t\u00eam acesso a sistemas acad\u00eamicos digitais e ferramentas colaborativas que apoiam o processo de ensino e aprendizagem.<\/p><p data-start=\"1310\" data-end=\"1606\">Localizada em uma das regi\u00f5es mais importantes para o desenvolvimento tecnol\u00f3gico do pa\u00eds, a Fatec Campinas mant\u00e9m parcerias com empresas, institui\u00e7\u00f5es de pesquisa e organiza\u00e7\u00f5es p\u00fablicas e privadas, ampliando oportunidades de est\u00e1gio, projetos aplicados e inser\u00e7\u00e3o profissional para seus alunos.<\/p><p data-start=\"1608\" data-end=\"1809\">Mais do que formar tecn\u00f3logos, a Fatec Campinas forma profissionais preparados para transformar conhecimento em solu\u00e7\u00f5es, contribuindo para o desenvolvimento social, cient\u00edfico e tecnol\u00f3gico do Brasil.<\/p>\t\t\t\t\t\t\t\t<\/div>\n\t\t\t\t\t<\/div>\n\t\t\t\t<\/div>\n\t\t\t\t<\/div>\n\t\t","protected":false},"excerpt":{"rendered":"<p>Fatec Campinas \u2013 Forma\u00e7\u00e3o tecnol\u00f3gica de excel\u00eancia A Fatec Campinas \u00e9 uma institui\u00e7\u00e3o p\u00fablica de ensino superior comprometida com a forma\u00e7\u00e3o de profissionais altamente qualificados para atender \u00e0s demandas de um mercado cada vez mais din\u00e2mico e tecnol\u00f3gico. Integrante do Centro Paula Souza, a faculdade se destaca pela qualidade acad\u00eamica, inova\u00e7\u00e3o e forte conex\u00e3o com o setor produtivo. Com cursos superiores de tecnologia voltados \u00e0s \u00e1reas estrat\u00e9gicas da economia, a Fatec Campinas oferece uma forma\u00e7\u00e3o s\u00f3lida, que alia teoria e pr\u00e1tica, preparando os estudantes para enfrentar desafios reais do mundo profissional. Seu corpo docente \u00e9 composto majoritariamente por mestres e doutores, profissionais com ampla experi\u00eancia acad\u00eamica e de mercado. A institui\u00e7\u00e3o conta com infraestrutura moderna, incluindo laborat\u00f3rios especializados, ambientes de aprendizagem tecnol\u00f3gica e espa\u00e7os que estimulam a pesquisa, a inova\u00e7\u00e3o e o empreendedorismo. Al\u00e9m disso, os estudantes t\u00eam acesso a sistemas acad\u00eamicos digitais e ferramentas colaborativas que apoiam o processo de ensino e aprendizagem. Localizada em uma das regi\u00f5es mais importantes para o desenvolvimento tecnol\u00f3gico do pa\u00eds, a Fatec Campinas mant\u00e9m parcerias com empresas, institui\u00e7\u00f5es de pesquisa e organiza\u00e7\u00f5es p\u00fablicas e privadas, ampliando oportunidades de est\u00e1gio, projetos aplicados e inser\u00e7\u00e3o profissional para seus alunos. Mais do que formar tecn\u00f3logos, a Fatec Campinas forma profissionais preparados para transformar conhecimento em solu\u00e7\u00f5es, contribuindo para o desenvolvimento social, cient\u00edfico e tecnol\u00f3gico do Brasil.<\/p>\n","protected":false},"author":1,"featured_media":974,"parent":0,"menu_order":0,"comment_status":"closed","ping_status":"closed","template":"","meta":{"ngg_post_thumbnail":0,"footnotes":""},"class_list":["post-20","page","type-page","status-publish","has-post-thumbnail","hentry"],"aioseo_notices":[],"publishpress_future_action":{"enabled":false,"date":"2026-05-09 00:23:34","action":"change-status","newStatus":"draft","terms":[],"taxonomy":"","extraData":[]},"publishpress_future_workflow_manual_trigger":{"enabledWorkflows":[]},"_links":{"self":[{"href":"https:\/\/fateccampinas.com.br\/portal\/wp-json\/wp\/v2\/pages\/20","targetHints":{"allow":["GET"]}}],"collection":[{"href":"https:\/\/fateccampinas.com.br\/portal\/wp-json\/wp\/v2\/pages"}],"about":[{"href":"https:\/\/fateccampinas.com.br\/portal\/wp-json\/wp\/v2\/types\/page"}],"author":[{"embeddable":true,"href":"https:\/\/fateccampinas.com.br\/portal\/wp-json\/wp\/v2\/users\/1"}],"replies":[{"embeddable":true,"href":"https:\/\/fateccampinas.com.br\/portal\/wp-json\/wp\/v2\/comments?post=20"}],"version-history":[{"count":7,"href":"https:\/\/fateccampinas.com.br\/portal\/wp-json\/wp\/v2\/pages\/20\/revisions"}],"predecessor-version":[{"id":977,"href":"https:\/\/fateccampinas.com.br\/portal\/wp-json\/wp\/v2\/pages\/20\/revisions\/977"}],"wp:featuredmedia":[{"embeddable":true,"href":"https:\/\/fateccampinas.com.br\/portal\/wp-json\/wp\/v2\/media\/974"}],"wp:attachment":[{"href":"https:\/\/fateccampinas.com.br\/portal\/wp-json\/wp\/v2\/media?parent=20"}],"curies":[{"name":"wp","href":"https:\/\/api.w.org\/{rel}","templated":true}]}}